{"id":12026,"date":"2024-09-04T12:18:32","date_gmt":"2024-09-04T10:18:32","guid":{"rendered":"https:\/\/www.fullgui.it\/prodotto\/colageno-mask-6pcs-300gr-resale\/"},"modified":"2025-01-02T09:22:41","modified_gmt":"2025-01-02T08:22:41","slug":"colageno-mask-6pcs-300gr-resale","status":"publish","type":"product","link":"https:\/\/www.fullgui.it\/en\/product\/colageno-mask-6pcs-300gr-resale\/","title":{"rendered":"Col\u00e1geno &#8211; Mask 6pcs 300gr Resale"},"content":{"rendered":"<p><strong>M\u00e1scara Col\u00e1geno<\/strong> has a high concentration of collagen and elastin, whose main function is to restore elasticity and sustainability lost due to external chemical processes.<\/p>\n<div class=\"column\">\n<div class=\"page\" title=\"Page 13\">\n<div class=\"layoutArea\">\n<div class=\"column\">\n<p>Through its main active ingredient, its internal action helps in water retention. In addition, the presence of vegetable glycerin creates an impermeable coating that prevents the evaporation of water molecules from the hair, resulting in silky, shiny and soft hair. Panthenol complements this action by healing split ends and reversing damage caused by chemical treatments and other external impacts.<\/p>\n<\/div>\n<p><strong>Mode of use:<\/strong><\/p>\n<div class=\"page\" title=\"Page 14\">\n<div class=\"section\">\n<div class=\"layoutArea\">\n<div class=\"column\">\n<p>After washing hair with C\u00f3lageno shampoo, apply Col\u00e1geno mask to all lengths strand by strand. Massage gently and leave on for 7 to 10 minutes before rinsing completely.<\/p>\n<\/div>\n<\/div>\n<\/div>\n<\/div>\n<\/div>\n<\/div>\n<\/div>\n","protected":false},"excerpt":{"rendered":"<p><strong>(\u20ac30.00 each).<\/strong><\/p>\n<p>Through its main active ingredient, its internal action helps in water retention. In addition, the presence of vegetable glycerin creates an impermeable coating that prevents the evaporation of water molecules from the hair<\/p>\n","protected":false},"featured_media":12553,"template":"","meta":{"_joinchat":[]},"product_brand":[],"product_cat":[140],"product_tag":[],"class_list":{"0":"post-12026","1":"product","2":"type-product","3":"status-publish","4":"has-post-thumbnail","6":"product_cat-fullgui-has-chosen-for-you","8":"first","9":"instock","10":"taxable","11":"shipping-taxable","12":"purchasable","13":"product-type-simple"},"yoast_head":"<!-- This site is optimized with the Yoast SEO plugin v27.4 - https:\/\/yoast.com\/product\/yoast-seo-wordpress\/ -->\n<title>Col\u00e1geno Mask 6 pieces 300gr Resale<\/title>\n<meta name=\"description\" content=\"M\u00e1scara Col\u00e1geno has a high concentration of collagen and elastin, whose main function is to restore elasticity\" \/>\n<meta name=\"robots\" content=\"index, follow, max-snippet:-1, max-image-preview:large, max-video-preview:-1\" \/>\n<link rel=\"canonical\" href=\"https:\/\/www.fullgui.it\/en\/product\/colageno-mask-6pcs-300gr-resale\/\" \/>\n<meta property=\"og:locale\" content=\"en_US\" \/>\n<meta property=\"og:type\" content=\"article\" \/>\n<meta property=\"og:title\" content=\"Col\u00e1geno Mask 6 pieces 300gr Resale\" \/>\n<meta property=\"og:description\" content=\"M\u00e1scara Col\u00e1geno has a high concentration of collagen and elastin, whose main function is to restore elasticity\" \/>\n<meta property=\"og:url\" content=\"https:\/\/www.fullgui.it\/en\/product\/colageno-mask-6pcs-300gr-resale\/\" \/>\n<meta property=\"og:site_name\" content=\"FULLGUI\" \/>\n<meta property=\"article:modified_time\" content=\"2025-01-02T08:22:41+00:00\" \/>\n<meta property=\"og:image\" content=\"https:\/\/www.fullgui.it\/sito\/wp-content\/uploads\/2024\/12\/COLAGENO3.png\" \/>\n\t<meta property=\"og:image:width\" content=\"1080\" \/>\n\t<meta property=\"og:image:height\" content=\"1350\" \/>\n\t<meta property=\"og:image:type\" content=\"image\/png\" \/>\n<meta name=\"twitter:card\" content=\"summary_large_image\" \/>\n<meta name=\"twitter:label1\" content=\"Est. reading time\" \/>\n\t<meta name=\"twitter:data1\" content=\"1 minute\" \/>\n<script type=\"application\/ld+json\" class=\"yoast-schema-graph\">{\"@context\":\"https:\\\/\\\/schema.org\",\"@graph\":[{\"@type\":\"WebPage\",\"@id\":\"https:\\\/\\\/www.fullgui.it\\\/en\\\/product\\\/colageno-mask-6pcs-300gr-resale\\\/\",\"url\":\"https:\\\/\\\/www.fullgui.it\\\/en\\\/product\\\/colageno-mask-6pcs-300gr-resale\\\/\",\"name\":\"Col\u00e1geno Mask 6 pieces 300gr Resale\",\"isPartOf\":{\"@id\":\"https:\\\/\\\/www.fullgui.it\\\/en\\\/#website\"},\"primaryImageOfPage\":{\"@id\":\"https:\\\/\\\/www.fullgui.it\\\/en\\\/product\\\/colageno-mask-6pcs-300gr-resale\\\/#primaryimage\"},\"image\":{\"@id\":\"https:\\\/\\\/www.fullgui.it\\\/en\\\/product\\\/colageno-mask-6pcs-300gr-resale\\\/#primaryimage\"},\"thumbnailUrl\":\"https:\\\/\\\/www.fullgui.it\\\/sito\\\/wp-content\\\/uploads\\\/2024\\\/09\\\/colageno-mascara-300ml-600x600-1.webp\",\"datePublished\":\"2024-09-04T10:18:32+00:00\",\"dateModified\":\"2025-01-02T08:22:41+00:00\",\"description\":\"M\u00e1scara Col\u00e1geno has a high concentration of collagen and elastin, whose main function is to restore elasticity\",\"breadcrumb\":{\"@id\":\"https:\\\/\\\/www.fullgui.it\\\/en\\\/product\\\/colageno-mask-6pcs-300gr-resale\\\/#breadcrumb\"},\"inLanguage\":\"en-US\",\"potentialAction\":[{\"@type\":\"ReadAction\",\"target\":[\"https:\\\/\\\/www.fullgui.it\\\/en\\\/product\\\/colageno-mask-6pcs-300gr-resale\\\/\"]}]},{\"@type\":\"ImageObject\",\"inLanguage\":\"en-US\",\"@id\":\"https:\\\/\\\/www.fullgui.it\\\/en\\\/product\\\/colageno-mask-6pcs-300gr-resale\\\/#primaryimage\",\"url\":\"https:\\\/\\\/www.fullgui.it\\\/sito\\\/wp-content\\\/uploads\\\/2024\\\/09\\\/colageno-mascara-300ml-600x600-1.webp\",\"contentUrl\":\"https:\\\/\\\/www.fullgui.it\\\/sito\\\/wp-content\\\/uploads\\\/2024\\\/09\\\/colageno-mascara-300ml-600x600-1.webp\",\"width\":600,\"height\":600},{\"@type\":\"BreadcrumbList\",\"@id\":\"https:\\\/\\\/www.fullgui.it\\\/en\\\/product\\\/colageno-mask-6pcs-300gr-resale\\\/#breadcrumb\",\"itemListElement\":[{\"@type\":\"ListItem\",\"position\":1,\"name\":\"Home\",\"item\":\"https:\\\/\\\/www.fullgui.it\\\/en\\\/\"},{\"@type\":\"ListItem\",\"position\":2,\"name\":\"Shop\",\"item\":\"https:\\\/\\\/www.fullgui.it\\\/shop\\\/\"},{\"@type\":\"ListItem\",\"position\":3,\"name\":\"Col\u00e1geno &#8211; Mask 6pcs 300gr Resale\"}]},{\"@type\":\"WebSite\",\"@id\":\"https:\\\/\\\/www.fullgui.it\\\/en\\\/#website\",\"url\":\"https:\\\/\\\/www.fullgui.it\\\/en\\\/\",\"name\":\"FULLGUI\",\"description\":\"\",\"potentialAction\":[{\"@type\":\"SearchAction\",\"target\":{\"@type\":\"EntryPoint\",\"urlTemplate\":\"https:\\\/\\\/www.fullgui.it\\\/en\\\/?s={search_term_string}\"},\"query-input\":{\"@type\":\"PropertyValueSpecification\",\"valueRequired\":true,\"valueName\":\"search_term_string\"}}],\"inLanguage\":\"en-US\"}]}<\/script>\n<!-- \/ Yoast SEO plugin. -->","yoast_head_json":{"title":"Col\u00e1geno Mask 6 pieces 300gr Resale","description":"M\u00e1scara Col\u00e1geno has a high concentration of collagen and elastin, whose main function is to restore elasticity","robots":{"index":"index","follow":"follow","max-snippet":"max-snippet:-1","max-image-preview":"max-image-preview:large","max-video-preview":"max-video-preview:-1"},"canonical":"https:\/\/www.fullgui.it\/en\/product\/colageno-mask-6pcs-300gr-resale\/","og_locale":"en_US","og_type":"article","og_title":"Col\u00e1geno Mask 6 pieces 300gr Resale","og_description":"M\u00e1scara Col\u00e1geno has a high concentration of collagen and elastin, whose main function is to restore elasticity","og_url":"https:\/\/www.fullgui.it\/en\/product\/colageno-mask-6pcs-300gr-resale\/","og_site_name":"FULLGUI","article_modified_time":"2025-01-02T08:22:41+00:00","og_image":[{"width":1080,"height":1350,"url":"https:\/\/www.fullgui.it\/sito\/wp-content\/uploads\/2024\/12\/COLAGENO3.png","type":"image\/png"}],"twitter_card":"summary_large_image","twitter_misc":{"Est. reading time":"1 minute"},"schema":{"@context":"https:\/\/schema.org","@graph":[{"@type":"WebPage","@id":"https:\/\/www.fullgui.it\/en\/product\/colageno-mask-6pcs-300gr-resale\/","url":"https:\/\/www.fullgui.it\/en\/product\/colageno-mask-6pcs-300gr-resale\/","name":"Col\u00e1geno Mask 6 pieces 300gr Resale","isPartOf":{"@id":"https:\/\/www.fullgui.it\/en\/#website"},"primaryImageOfPage":{"@id":"https:\/\/www.fullgui.it\/en\/product\/colageno-mask-6pcs-300gr-resale\/#primaryimage"},"image":{"@id":"https:\/\/www.fullgui.it\/en\/product\/colageno-mask-6pcs-300gr-resale\/#primaryimage"},"thumbnailUrl":"https:\/\/www.fullgui.it\/sito\/wp-content\/uploads\/2024\/09\/colageno-mascara-300ml-600x600-1.webp","datePublished":"2024-09-04T10:18:32+00:00","dateModified":"2025-01-02T08:22:41+00:00","description":"M\u00e1scara Col\u00e1geno has a high concentration of collagen and elastin, whose main function is to restore elasticity","breadcrumb":{"@id":"https:\/\/www.fullgui.it\/en\/product\/colageno-mask-6pcs-300gr-resale\/#breadcrumb"},"inLanguage":"en-US","potentialAction":[{"@type":"ReadAction","target":["https:\/\/www.fullgui.it\/en\/product\/colageno-mask-6pcs-300gr-resale\/"]}]},{"@type":"ImageObject","inLanguage":"en-US","@id":"https:\/\/www.fullgui.it\/en\/product\/colageno-mask-6pcs-300gr-resale\/#primaryimage","url":"https:\/\/www.fullgui.it\/sito\/wp-content\/uploads\/2024\/09\/colageno-mascara-300ml-600x600-1.webp","contentUrl":"https:\/\/www.fullgui.it\/sito\/wp-content\/uploads\/2024\/09\/colageno-mascara-300ml-600x600-1.webp","width":600,"height":600},{"@type":"BreadcrumbList","@id":"https:\/\/www.fullgui.it\/en\/product\/colageno-mask-6pcs-300gr-resale\/#breadcrumb","itemListElement":[{"@type":"ListItem","position":1,"name":"Home","item":"https:\/\/www.fullgui.it\/en\/"},{"@type":"ListItem","position":2,"name":"Shop","item":"https:\/\/www.fullgui.it\/shop\/"},{"@type":"ListItem","position":3,"name":"Col\u00e1geno &#8211; Mask 6pcs 300gr Resale"}]},{"@type":"WebSite","@id":"https:\/\/www.fullgui.it\/en\/#website","url":"https:\/\/www.fullgui.it\/en\/","name":"FULLGUI","description":"","potentialAction":[{"@type":"SearchAction","target":{"@type":"EntryPoint","urlTemplate":"https:\/\/www.fullgui.it\/en\/?s={search_term_string}"},"query-input":{"@type":"PropertyValueSpecification","valueRequired":true,"valueName":"search_term_string"}}],"inLanguage":"en-US"}]}},"_links":{"self":[{"href":"https:\/\/www.fullgui.it\/en\/wp-json\/wp\/v2\/product\/12026","targetHints":{"allow":["GET"]}}],"collection":[{"href":"https:\/\/www.fullgui.it\/en\/wp-json\/wp\/v2\/product"}],"about":[{"href":"https:\/\/www.fullgui.it\/en\/wp-json\/wp\/v2\/types\/product"}],"wp:featuredmedia":[{"embeddable":true,"href":"https:\/\/www.fullgui.it\/en\/wp-json\/wp\/v2\/media\/12553"}],"wp:attachment":[{"href":"https:\/\/www.fullgui.it\/en\/wp-json\/wp\/v2\/media?parent=12026"}],"wp:term":[{"taxonomy":"product_brand","embeddable":true,"href":"https:\/\/www.fullgui.it\/en\/wp-json\/wp\/v2\/product_brand?post=12026"},{"taxonomy":"product_cat","embeddable":true,"href":"https:\/\/www.fullgui.it\/en\/wp-json\/wp\/v2\/product_cat?post=12026"},{"taxonomy":"product_tag","embeddable":true,"href":"https:\/\/www.fullgui.it\/en\/wp-json\/wp\/v2\/product_tag?post=12026"}],"curies":[{"name":"wp","href":"https:\/\/api.w.org\/{rel}","templated":true}]}}